{"id":1529,"date":"2024-01-23T16:02:01","date_gmt":"2024-01-23T21:02:01","guid":{"rendered":"https:\/\/www.loxodonta.com.ec\/?page_id=1529"},"modified":"2024-04-24T21:06:33","modified_gmt":"2024-04-25T02:06:33","slug":"corporate-responsibility","status":"publish","type":"page","link":"https:\/\/www.loxodonta.com.ec\/es\/corporate-responsibility\/","title":{"rendered":"Responsabilidad Corporativa"},"content":{"rendered":"<div data-elementor-type=\"wp-page\" data-elementor-id=\"1529\" class=\"elementor elementor-1529\" data-elementor-post-type=\"page\">\n\t\t\t\t\t\t<section class=\"elementor-section elementor-top-section elementor-element elementor-element-61e62d2 elementor-section-boxed elementor-section-height-default elementor-section-height-default\" data-id=\"61e62d2\" data-element_type=\"section\" data-e-type=\"section\" data-settings=\"{&quot;background_background&quot;:&quot;classic&quot;}\">\n\t\t\t\t\t\t<div class=\"elementor-container elementor-column-gap-default\">\n\t\t\t\t\t<div class=\"elementor-column elementor-col-100 elementor-top-column elementor-element elementor-element-dee2e56\" data-id=\"dee2e56\" data-element_type=\"column\" data-e-type=\"column\">\n\t\t\t<div class=\"elementor-widget-wrap elementor-element-populated\">\n\t\t\t\t\t\t<section class=\"elementor-section elementor-inner-section elementor-element elementor-element-9da6964 elementor-section-boxed elementor-section-height-default elementor-section-height-default\" data-id=\"9da6964\" data-element_type=\"section\" data-e-type=\"section\">\n\t\t\t\t\t\t<div class=\"elementor-container elementor-column-gap-default\">\n\t\t\t\t\t<div class=\"elementor-column elementor-col-50 elementor-inner-column elementor-element elementor-element-69bb0f8\" data-id=\"69bb0f8\" data-element_type=\"column\" data-e-type=\"column\">\n\t\t\t<div class=\"elementor-widget-wrap elementor-element-populated\">\n\t\t\t\t\t\t<div class=\"elementor-element elementor-element-196c26e elementor-widget elementor-widget-heading\" data-id=\"196c26e\" data-element_type=\"widget\" data-e-type=\"widget\" data-widget_type=\"heading.default\">\n\t\t\t\t<div class=\"elementor-widget-container\">\n\t\t\t\t\t<h2 class=\"elementor-heading-title elementor-size-default\">MEJORANDO VIDAS A TRAV\u00c9S DE LA RESPONSABILIDAD CORPORATIVA\n\n<\/h2>\t\t\t\t<\/div>\n\t\t\t\t<\/div>\n\t\t\t\t<div class=\"elementor-element elementor-element-557a6f1 elementor-widget elementor-widget-heading\" data-id=\"557a6f1\" data-element_type=\"widget\" data-e-type=\"widget\" data-widget_type=\"heading.default\">\n\t\t\t\t<div class=\"elementor-widget-container\">\n\t\t\t\t\t<h2 class=\"elementor-heading-title elementor-size-default\">Responsabilidad Corporativa\n<\/h2>\t\t\t\t<\/div>\n\t\t\t\t<\/div>\n\t\t\t\t<div class=\"elementor-element elementor-element-486250a elementor-widget elementor-widget-text-editor\" data-id=\"486250a\" data-element_type=\"widget\" data-e-type=\"widget\" data-widget_type=\"text-editor.default\">\n\t\t\t\t<div class=\"elementor-widget-container\">\n\t\t\t\t\t\t\t\t\t<p>Hoy en d\u00eda, la pandemia global, protestas por justicia racial y las protestas en la calles por el cambio climatico est\u00e1n acelerando el Nuevo Orden Mundial. Las nuevas generaci\u00f3nes piden del gobierno y las empresas, instando a una colabaraci\u00f3n conjunta para construir una sociedad mas justa y perdurable.<br \/>Los d\u00edas de girar un cheque a la caridad unicamente ya terminaron. Los clientes son m\u00e1s educados, motivados y expertos. Demandan m\u00e1s de las empresas que tomen accion resposable con el Medio Ambiente y las Comunidades.<br \/>Nuestros clientes prefieren organizaciones que tengan simialares puntos de vista y cultura empresarial.\u00a0<\/p>\t\t\t\t\t\t\t\t<\/div>\n\t\t\t\t<\/div>\n\t\t\t\t\t<\/div>\n\t\t<\/div>\n\t\t\t\t<div class=\"elementor-column elementor-col-50 elementor-inner-column elementor-element elementor-element-2042ecc\" data-id=\"2042ecc\" data-element_type=\"column\" data-e-type=\"column\">\n\t\t\t<div class=\"elementor-widget-wrap elementor-element-populated\">\n\t\t\t\t\t\t<div class=\"elementor-element elementor-element-8aae986 elementor-widget elementor-widget-image\" data-id=\"8aae986\" data-element_type=\"widget\" data-e-type=\"widget\" data-widget_type=\"image.default\">\n\t\t\t\t<div class=\"elementor-widget-container\">\n\t\t\t\t\t\t\t\t\t\t\t\t\t\t\t<img fetchpriority=\"high\" decoding=\"async\" width=\"692\" height=\"442\" src=\"https:\/\/www.loxodonta.com.ec\/wp-content\/uploads\/2024\/01\/image_2024_01_23T22_09_25_561Z.png\" class=\"attachment-large size-large wp-image-1585\" alt=\"\" srcset=\"https:\/\/www.loxodonta.com.ec\/wp-content\/uploads\/2024\/01\/image_2024_01_23T22_09_25_561Z.png 692w, https:\/\/www.loxodonta.com.ec\/wp-content\/uploads\/2024\/01\/image_2024_01_23T22_09_25_561Z-300x192.png 300w, https:\/\/www.loxodonta.com.ec\/wp-content\/uploads\/2024\/01\/image_2024_01_23T22_09_25_561Z-18x12.png 18w\" sizes=\"(max-width: 692px) 100vw, 692px\" \/>\t\t\t\t\t\t\t\t\t\t\t\t\t\t\t<\/div>\n\t\t\t\t<\/div>\n\t\t\t\t\t<\/div>\n\t\t<\/div>\n\t\t\t\t\t<\/div>\n\t\t<\/section>\n\t\t\t\t\t<\/div>\n\t\t<\/div>\n\t\t\t\t\t<\/div>\n\t\t<\/section>\n\t\t\t\t<\/div>","protected":false},"excerpt":{"rendered":"<p>IMPROVING LIVES THROUGH CORPORATE RESPONSIBILITY Corporate Responsability Nowadays, a global pandemic, racial justice protests and school walkouts for climate change are accelerating the Purpose revolution that was already underway. A new generation calls for more from government and business, urging them to come together and\u00a0build a more just and sustainable society.The days of simply writing [&hellip;]<\/p>\n","protected":false},"author":1,"featured_media":0,"parent":0,"menu_order":0,"comment_status":"closed","ping_status":"closed","template":"","meta":{"_acf_changed":false,"footnotes":""},"class_list":["post-1529","page","type-page","status-publish","hentry"],"acf":[],"_links":{"self":[{"href":"https:\/\/www.loxodonta.com.ec\/es\/wp-json\/wp\/v2\/pages\/1529","targetHints":{"allow":["GET"]}}],"collection":[{"href":"https:\/\/www.loxodonta.com.ec\/es\/wp-json\/wp\/v2\/pages"}],"about":[{"href":"https:\/\/www.loxodonta.com.ec\/es\/wp-json\/wp\/v2\/types\/page"}],"author":[{"embeddable":true,"href":"https:\/\/www.loxodonta.com.ec\/es\/wp-json\/wp\/v2\/users\/1"}],"replies":[{"embeddable":true,"href":"https:\/\/www.loxodonta.com.ec\/es\/wp-json\/wp\/v2\/comments?post=1529"}],"version-history":[{"count":31,"href":"https:\/\/www.loxodonta.com.ec\/es\/wp-json\/wp\/v2\/pages\/1529\/revisions"}],"predecessor-version":[{"id":2277,"href":"https:\/\/www.loxodonta.com.ec\/es\/wp-json\/wp\/v2\/pages\/1529\/revisions\/2277"}],"wp:attachment":[{"href":"https:\/\/www.loxodonta.com.ec\/es\/wp-json\/wp\/v2\/media?parent=1529"}],"curies":[{"name":"wp","href":"https:\/\/api.w.org\/{rel}","templated":true}]}}